{"id":908,"date":"2010-05-31T13:30:00","date_gmt":"2010-05-31T11:30:00","guid":{"rendered":"http:\/\/hedangens.se\/?page_id=908"},"modified":"2012-01-20T11:50:57","modified_gmt":"2012-01-20T10:50:57","slug":"kopa-valp-hos-oss","status":"publish","type":"page","link":"https:\/\/hedangens.se\/?page_id=908","title":{"rendered":"K\u00f6pa valp hos oss"},"content":{"rendered":"<p>Valparna blir uppf\u00f6dda i hemmilj\u00f6. M\u00e4nniskor, ljud och flockens \u00f6vriga hundar \u00e4r deras vardag. Valparna f\u00e5r l\u00e4ra sig hundspr\u00e5k och signaler tidigt eftersom vi har fler tikar och m\u00e5nga vill vara med och bidra till uppfostran.<\/p>\n<p>Som mat f\u00e5r dom valpfoder ROBUR, vilket dom \u00e4ven f\u00e5r med sig lite av n\u00e4r det \u00e4r dags att flytta till nya hemmet.<\/p>\n<p>N\u00e4r valpen levereras \u00e4r den registrerad i SKK, veterin\u00e4r besiktigad, avmaskad, vaccinerad och ID m\u00e4rkt, f\u00e5r sj\u00e4lv med sig en liten snuttefilt och husse eller matte f\u00e5r en DVD med tr\u00e4ningstips fr\u00e5n Anders Landin.<\/p>\n<p>Vi erbjuder valptr\u00e4ffar n\u00e4r valpen \u00e4r runt 4 och 7 m\u00e5nader, d\u00e4r vi framf\u00f6r allt tr\u00e4nar inkallning, stanna och forts\u00e4tter jobba p\u00e5 ledarskapet.<\/p>\n<p>I september m\u00e5nad brukar vi arrangera en f\u00e4lttr\u00e4ning som \u00e4r gemensam f\u00f6r alla Hed\u00e4ngens yngre hundar. Markerna inneh\u00e5ller fr\u00e4mst rapph\u00f6ns.<\/p>\n<p>V\u00e5rat m\u00e5l med avel \u00e4r att tillf\u00f6ra rasen en frisk, sund individ b\u00e5de jaktligt och mentalt, med dom egenskaper rasen \u00e4r till\u00e4gnad f\u00f6r.<\/p>\n<p>Att hunden f\u00e5r ett liv som inneh\u00e5ller jakt \u00e4r ett m\u00e5ste f\u00f6r dessa raser, vill man ha en s\u00e4llskaps eller frilufs hund finns det m\u00e5nga andra l\u00e4mpligare raser att v\u00e4lja p\u00e5.<\/p>\n<p>Vi s\u00e4tter inget krav p\u00e5 dig som k\u00f6pare att du m\u00e5ste g\u00e5 p\u00e5 jaktprov, men har du intresset och \u00e4r ny i sammanhanget hj\u00e4lper vi dig g\u00e4rna att komma ig\u00e5ng.<\/p>\n<p>Att jobba med sig sj\u00e4lv och hunden mot ett jaktprov som m\u00e5l, ger ofta en v\u00e4l genomarbetad hund. Kan man f\u00f6ra den i sin hand p\u00e5 ett prov f\u00e5r man f\u00f6rmodligen \u00e4ven en hund man kan dela m\u00e5nga goda jaktminnen med.<\/p>\n<p>            \n\t\t<div class=\"ngg-gallery-singlepic-image ngg-right\" style=\"max-width: 320px\">\n\t\t\t    \t<a href=\"https:\/\/hedangens.se\/wp-content\/gallery\/blandat\/img_2901.jpg\"\n\t\t     title=\"\"\n             data-src=\"https:\/\/hedangens.se\/wp-content\/gallery\/blandat\/img_2901.jpg\"\n             data-thumbnail=\"https:\/\/hedangens.se\/wp-content\/gallery\/blandat\/thumbs\/thumbs_img_2901.jpg\"\n             data-image-id=\"603\"\n             data-title=\"img_2901\"\n             data-description=\"\"\n             target='_self'\n             class=\"shutterset_5a555d91e4c0b7ff0a1b7f6e6f7a826a\">\n            <img class=\"ngg-singlepic\"\n             src=\"https:\/\/hedangens.se\/wp-content\/gallery\/blandat\/cache\/img_2901.jpg-nggid03603-ngg0dyn-320x240x100-00f0w010c010r110f110r010t010.jpg\"\n             alt=\"img_2901\"\n             title=\"img_2901\"\n              width=\"320\"               \/>\n    \t<\/a>\n\t\t      <\/div>\n        V\u00e4lkomna!<\/p>\n","protected":false},"excerpt":{"rendered":"<p>Valparna blir uppf\u00f6dda i hemmilj\u00f6. M\u00e4nniskor, ljud och flockens \u00f6vriga hundar \u00e4r deras vardag. Valparna f\u00e5r l\u00e4ra sig hundspr\u00e5k och signaler tidigt eftersom vi har fler tikar och m\u00e5nga vill vara med och bidra till uppfostran. Som mat f\u00e5r dom valpfoder ROBUR, vilket dom \u00e4ven f\u00e5r med sig lite av n\u00e4r det \u00e4r dags att [&hellip;]<\/p>\n","protected":false},"author":1,"featured_media":0,"parent":0,"menu_order":7,"comment_status":"open","ping_status":"open","template":"","meta":{"ngg_post_thumbnail":0},"_links":{"self":[{"href":"https:\/\/hedangens.se\/index.php?rest_route=\/wp\/v2\/pages\/908"}],"collection":[{"href":"https:\/\/hedangens.se\/index.php?rest_route=\/wp\/v2\/pages"}],"about":[{"href":"https:\/\/hedangens.se\/index.php?rest_route=\/wp\/v2\/types\/page"}],"author":[{"embeddable":true,"href":"https:\/\/hedangens.se\/index.php?rest_route=\/wp\/v2\/users\/1"}],"replies":[{"embeddable":true,"href":"https:\/\/hedangens.se\/index.php?rest_route=%2Fwp%2Fv2%2Fcomments&post=908"}],"version-history":[{"count":7,"href":"https:\/\/hedangens.se\/index.php?rest_route=\/wp\/v2\/pages\/908\/revisions"}],"predecessor-version":[{"id":911,"href":"https:\/\/hedangens.se\/index.php?rest_route=\/wp\/v2\/pages\/908\/revisions\/911"}],"wp:attachment":[{"href":"https:\/\/hedangens.se\/index.php?rest_route=%2Fwp%2Fv2%2Fmedia&parent=908"}],"curies":[{"name":"wp","href":"https:\/\/api.w.org\/{rel}","templated":true}]}}