{"id":90,"date":"2009-10-09T11:28:04","date_gmt":"2009-10-09T11:28:04","guid":{"rendered":"http:\/\/hedangens.se\/?page_id=90"},"modified":"2019-02-24T18:48:54","modified_gmt":"2019-02-24T17:48:54","slug":"vara-hundar","status":"publish","type":"page","link":"https:\/\/hedangens.se\/?page_id=90","title":{"rendered":"V\u00e5ra hundar"},"content":{"rendered":"\n<div class=\"wp-block-image\"><figure class=\"aligncenter\"><img loading=\"lazy\" width=\"500\" height=\"375\" src=\"http:\/\/hedangens.se\/wp-content\/uploads\/2019\/02\/Glimra-1.jpg\" alt=\"\" class=\"wp-image-2087\" srcset=\"https:\/\/hedangens.se\/wp-content\/uploads\/2019\/02\/Glimra-1.jpg 500w, https:\/\/hedangens.se\/wp-content\/uploads\/2019\/02\/Glimra-1-300x225.jpg 300w\" sizes=\"(max-width: 500px) 100vw, 500px\" \/><figcaption><a href=\"http:\/\/www.resultatdatabasen.se\/_hund.aspx?regnr=SE26171\/2016\">Sn\u00f6yrans N-Glimra <\/a><br>SJCH (svensk jaktchampion) Vid 2,5 \u00e5rs \u00e5lder <br>SUCH (svensk utst\u00e4llningschampion) <\/figcaption><\/figure><\/div>\n\n\n\n<div class=\"wp-block-image\"><figure class=\"aligncenter is-resized\"><img loading=\"lazy\" src=\"http:\/\/hedangens.se\/wp-content\/uploads\/2019\/02\/Tingeling.jpg\" alt=\"\" class=\"wp-image-2090\" width=\"473\" height=\"631\" srcset=\"https:\/\/hedangens.se\/wp-content\/uploads\/2019\/02\/Tingeling.jpg 720w, https:\/\/hedangens.se\/wp-content\/uploads\/2019\/02\/Tingeling-225x300.jpg 225w\" sizes=\"(max-width: 473px) 100vw, 473px\" \/><figcaption><a href=\"http:\/\/www.resultatdatabasen.se\/_hund.aspx?regnr=SE38507\/2013\">Hed\u00e4ngens Tingeling<\/a><br><br>SJCH (Svensk Jaktchampion)<\/figcaption><\/figure><\/div>\n","protected":false},"excerpt":{"rendered":"","protected":false},"author":1,"featured_media":0,"parent":0,"menu_order":0,"comment_status":"open","ping_status":"open","template":"","meta":{"ngg_post_thumbnail":0},"_links":{"self":[{"href":"https:\/\/hedangens.se\/index.php?rest_route=\/wp\/v2\/pages\/90"}],"collection":[{"href":"https:\/\/hedangens.se\/index.php?rest_route=\/wp\/v2\/pages"}],"about":[{"href":"https:\/\/hedangens.se\/index.php?rest_route=\/wp\/v2\/types\/page"}],"author":[{"embeddable":true,"href":"https:\/\/hedangens.se\/index.php?rest_route=\/wp\/v2\/users\/1"}],"replies":[{"embeddable":true,"href":"https:\/\/hedangens.se\/index.php?rest_route=%2Fwp%2Fv2%2Fcomments&post=90"}],"version-history":[{"count":47,"href":"https:\/\/hedangens.se\/index.php?rest_route=\/wp\/v2\/pages\/90\/revisions"}],"predecessor-version":[{"id":2093,"href":"https:\/\/hedangens.se\/index.php?rest_route=\/wp\/v2\/pages\/90\/revisions\/2093"}],"wp:attachment":[{"href":"https:\/\/hedangens.se\/index.php?rest_route=%2Fwp%2Fv2%2Fmedia&parent=90"}],"curies":[{"name":"wp","href":"https:\/\/api.w.org\/{rel}","templated":true}]}}