{"id":772,"date":"2010-04-12T12:19:22","date_gmt":"2010-04-12T10:19:22","guid":{"rendered":"http:\/\/hedangens.se\/?page_id=772"},"modified":"2017-03-26T17:11:51","modified_gmt":"2017-03-26T15:11:51","slug":"hundar-vi-minns","status":"publish","type":"page","link":"https:\/\/hedangens.se\/?page_id=772","title":{"rendered":"Hundar vi minns"},"content":{"rendered":"<p><strong><span style=\"text-decoration: underline;\">\u201dTiffy\u201d (Nyhems Jee Jee)<\/span><\/strong><\/p>\n<p>F\u00f6dd 1992. V\u00e5ran f\u00f6rsta Kleiner M\u00fcnsterl\u00e4nder. Som sagts tidigare i v\u00e5ran personliga presentation blev hon aldrig n\u00e5gon riktig allroundhund. En expert blev hon p\u00e5 h\u00e5rvilt, men pga v\u00e5r okunskap n\u00e4r det g\u00e4llde f\u00e5geljakt, fick hon aldrig chansen att utveckla den egenskapen tillr\u00e4ckligt f\u00f6r att p\u00e5 ett effektivt s\u00e4tt hj\u00e4lpa till med den sortens jakt. En annars mycket go hund som gav m\u00e5nga trevliga jaktminnen.<\/p>\n<p><strong><span style=\"text-decoration: underline;\">\u201dDinny\u201d (Daika\u00b4s Dina)<\/span><\/strong><\/p>\n<p>F\u00f6dd 1994. Nu b\u00f6rjade vi s\u00e5 sm\u00e5tt komma ig\u00e5ng med f\u00e4lttr\u00e4ning och f\u00e5gelhantering. Startade henne \u00e4ven p\u00e5 n\u00e5gra prov, b\u00e5de jakt och lydnad. I b\u00f6rjan p\u00e5 2000-talet flyttade hon hem till en god v\u00e4n f\u00f6r att d\u00e4r komma att bli en jaktkamrat dom sista \u00e5ren.<\/p>\n<p><span style=\"text-decoration: underline;\"><strong>\u201dNalle\u201d (Arrack)<\/strong><\/span><\/p>\n<p>F\u00f6dd 1994. Nalle kom till oss n\u00e4r han var tre \u00e5r. En hund med mycket jaktlust och egen vilja. Vad vi kan komma ih\u00e5g fanns det inte mycket som stoppade honom, om ens n\u00e5got. En hund vi l\u00e4rde oss mycket av, men som ocks\u00e5 orsakade en hel del gr\u00e5a h\u00e5r.<\/p>\n<p><span style=\"text-decoration: underline;\"><strong>\u201dMazarin\u201d (Hed\u00e4ngens G-Mazarin)<\/strong><\/span>            \n\t\t<div class=\"ngg-gallery-singlepic-image ngg-right\" style=\"max-width: 320px\">\n\t\t\t    \t<a href=\"https:\/\/hedangens.se\/wp-content\/gallery\/blandat\/masarin-150x150.jpg\"\n\t\t     title=\"Hed\u00e4ngens G-Mazarin\"\n             data-src=\"https:\/\/hedangens.se\/wp-content\/gallery\/blandat\/masarin-150x150.jpg\"\n             data-thumbnail=\"https:\/\/hedangens.se\/wp-content\/gallery\/blandat\/thumbs\/thumbs_masarin-150x150.jpg\"\n             data-image-id=\"590\"\n             data-title=\"Hed\u00e4ngens G-Mazarin\"\n             data-description=\"Hed\u00e4ngens G-Mazarin\"\n             target='_self'\n             class=\"shutterset_423c9359930349db96e0289906b777b5\">\n            <img class=\"ngg-singlepic\"\n             src=\"https:\/\/hedangens.se\/wp-content\/gallery\/blandat\/cache\/masarin-150x150.jpg-nggid03590-ngg0dyn-320x240x100-00f0w010c010r110f110r010t010.jpg\"\n             alt=\"Hed\u00e4ngens G-Mazarin\"\n             title=\"Hed\u00e4ngens G-Mazarin\"\n              width=\"320\"               \/>\n    \t<\/a>\n\t\t      <\/div>\n        <\/p>\n<p>F\u00f6dd 2006. Mazarin f\u00f6ddes med ett litet underbett och fick d\u00e4rf\u00f6r stanna kvar hos oss ett tag. Fr\u00e5n att vara lite f\u00f6rsiktig dom f\u00f6rsta veckorna som valp tog han igen det och blev en liten tuffing. Dock en mycket trevlig s\u00e5dan. N\u00e4r han var ca 8 m\u00e5nader flyttade han hem till Christer Salsing i Floda d\u00e4r han lever gott.<\/p>\n<p><span style=\"text-decoration: underline;\"><strong>\u201dValle\u201d (Hed\u00e4ngens Valentin)            \n\t\t<div class=\"ngg-gallery-singlepic-image ngg-right\" style=\"max-width: 320px\">\n\t\t\t    \t<a href=\"https:\/\/hedangens.se\/wp-content\/gallery\/blandat\/valle.jpg\"\n\t\t     title=\"Hed\u00e4ngens Valentin\"\n             data-src=\"https:\/\/hedangens.se\/wp-content\/gallery\/blandat\/valle.jpg\"\n             data-thumbnail=\"https:\/\/hedangens.se\/wp-content\/gallery\/blandat\/thumbs\/thumbs_valle.jpg\"\n             data-image-id=\"591\"\n             data-title=\"Hed\u00e4ngens Valentin\"\n             data-description=\"Hed\u00e4ngens Valentin\"\n             target='_self'\n             class=\"shutterset_fb2838391b432729bf6de576d7d445ca\">\n            <img class=\"ngg-singlepic\"\n             src=\"https:\/\/hedangens.se\/wp-content\/gallery\/blandat\/cache\/valle.jpg-nggid03591-ngg0dyn-320x240x100-00f0w010c010r110f110r010t010.jpg\"\n             alt=\"Hed\u00e4ngens Valentin\"\n             title=\"Hed\u00e4ngens Valentin\"\n              width=\"320\"               \/>\n    \t<\/a>\n\t\t      <\/div>\n        <\/strong><\/span><\/p>\n<p>F\u00f6dd 2003. Valle stannade hos oss drygt ett \u00e5r. N\u00e4r han var 11 m\u00e5nader startade Tomas honom p\u00e5 f\u00e4ltprov p\u00e5 \u00d6land d\u00e4r han fick ett andrapris. Idag bor han i Kristinehamn hos Rune Lindqvist och jagar skogsf\u00e5gel. En hund vi tyckte otroligt mycket om och hade det inte varit f\u00f6r att vi tyckte det blev b\u00f6kigt att ha en hane bland alla tikar, hade han bott kvar h\u00e4r idag.<\/p>\n<p><span style=\"text-decoration: underline;\"><strong>\u201dFl\u00e4kta\u201d (Hed\u00e4ngens E-Fl\u00e4kta)            \n\t\t<div class=\"ngg-gallery-singlepic-image ngg-right\" style=\"max-width: 180px\">\n\t\t\t    \t<a href=\"https:\/\/hedangens.se\/wp-content\/gallery\/blandat\/flakta.jpg\"\n\t\t     title=\"Hed\u00e4ngens E-Fl\u00e4kta\"\n             data-src=\"https:\/\/hedangens.se\/wp-content\/gallery\/blandat\/flakta.jpg\"\n             data-thumbnail=\"https:\/\/hedangens.se\/wp-content\/gallery\/blandat\/thumbs\/thumbs_flakta.jpg\"\n             data-image-id=\"592\"\n             data-title=\"Hed\u00e4ngens E-Fl\u00e4kta\"\n             data-description=\"Hed\u00e4ngens E-Fl\u00e4kta\"\n             target='_self'\n             class=\"shutterset_d05d800c8bbe521ec2134f07b1c989fb\">\n            <img class=\"ngg-singlepic\"\n             src=\"https:\/\/hedangens.se\/wp-content\/gallery\/blandat\/cache\/flakta.jpg-nggid03592-ngg0dyn-320x240x100-00f0w010c010r110f110r010t010.jpg\"\n             alt=\"Hed\u00e4ngens E-Fl\u00e4kta\"\n             title=\"Hed\u00e4ngens E-Fl\u00e4kta\"\n              width=\"180\"               \/>\n    \t<\/a>\n\t\t      <\/div>\n        <\/strong><\/span><\/p>\n<p>F\u00f6dd 2005. Fl\u00e4kta sparades ur Isas f\u00f6rsta kull, \u00e4r meriterad upp till elitklass och en god jakthund. Idag bor hon hor Familjen Lenne i Malung, jagar skogsf\u00e5gel och sover i s\u00e4ngen.<\/p>\n<p><span style=\"text-decoration: underline;\"><strong>Hed\u00e4ngens Fr\u00f6ken Smilla<\/strong><\/span><\/p>\n<p>&nbsp;<\/p>\n<p><a href=\"http:\/\/hedangens.se\/wp-content\/uploads\/2009\/10\/IMG_0024.JPG\"><img loading=\"lazy\" width=\"300\" height=\"200\" title=\"IMG_0024\" class=\"size-medium wp-image-148\" alt=\"\" src=\"http:\/\/hedangens.se\/wp-content\/uploads\/2009\/10\/IMG_0024-300x200.jpg\" srcset=\"https:\/\/hedangens.se\/wp-content\/uploads\/2009\/10\/IMG_0024-300x200.jpg 300w, https:\/\/hedangens.se\/wp-content\/uploads\/2009\/10\/IMG_0024-1024x682.jpg 1024w\" sizes=\"(max-width: 300px) 100vw, 300px\" \/><\/a><\/p>\n<p>&nbsp;<\/p>\n<p>&nbsp;<\/p>\n<p>F\u00f6dd 2009. V\u00e5r lilla Fr\u00f6ken Smilla flyttade i h\u00f6stas till Anna och Andreas Hjortenkrans som bor i Kalmar. D\u00e4r m\u00e5r hon ett gott m\u00fcnsterliv och f\u00e5r jaga det som bjuds, vi \u00e4r j\u00e4tteglada f\u00f6r hennes nya \u00e4gare och vi tvivlar inte p\u00e5 att hon har det bra.<\/p>\n<p><a href=\"http:\/\/www.resultatdatabasen.se\/_hund.aspx?regnr=N17397\/00\"><em><strong>SUCH J Rotuas G-Tindra<\/strong><\/em><\/a><\/p>\n            \n\t\t<div class=\"ngg-gallery-singlepic-image ngg-right\" style=\"max-width: 320px\">\n\t\t\t    \t<a href=\"https:\/\/hedangens.se\/wp-content\/gallery\/blandat\/tindra.jpg\"\n\t\t     title=\"\"\n             data-src=\"https:\/\/hedangens.se\/wp-content\/gallery\/blandat\/tindra.jpg\"\n             data-thumbnail=\"https:\/\/hedangens.se\/wp-content\/gallery\/blandat\/thumbs\/thumbs_tindra.jpg\"\n             data-image-id=\"252\"\n             data-title=\"tindra\"\n             data-description=\"\"\n             target='_self'\n             class=\"shutterset_570bbe8b014f73de1cc6a091603c3960\">\n            <img class=\"ngg-singlepic\"\n             src=\"https:\/\/hedangens.se\/wp-content\/gallery\/blandat\/cache\/tindra.jpg-nggid03252-ngg0dyn-320x240x100-00f0w010c010r110f110r010t010.jpg\"\n             alt=\"tindra\"\n             title=\"tindra\"\n              width=\"320\"               \/>\n    \t<\/a>\n\t\t      <\/div>\n        \n<p>F\u00f6dd 2000<\/p>\n<p>Efter mycket letande och forskande om vad vi ville ha f\u00f6r stam p\u00e5 v\u00e5r m\u00fcnster besl\u00f6t sig Tomas att Falco (som vi tr\u00e4ffat och tyckte mycket om) skulle i alla fall vara far eller inblandad p\u00e5 n\u00e5got s\u00e4tt. N\u00e4r Falco parade &#8220;Maggie&#8221; ( som f\u00f6r \u00f6vrigt kommer fr\u00e5n en h\u00f6gt jaktprovsmeriterad stam i Norge) gjorde vi slag i saken och i september 2000 h\u00e4mtade vi v\u00e5r Tindra. Det visade sig att hon inneh\u00f6ll mycket av b\u00e5de det ena och det andra. Ibland \u00e4r hon nog orsaken till en hel del gr\u00e5a h\u00e5r men \u00e5 andra sidan orsakar&nbsp; hon \u00e4ven att husse f\u00e5r str\u00e4cka p\u00e5 sig och k\u00e4nna sig stolt. Hon \u00e4r en trevlig och mycket sn\u00e4ll hund, men det lurar en och annan r\u00e4v bakom \u00f6rat och det \u00e4r nog det som g\u00f6r hennes personlighet s\u00e5 speciell. Tindra stog tidigt f\u00f6r f\u00e5gel och hon var den hund som fungerade b\u00e4st jaktligt f\u00f6rst, framf\u00f6rallt p\u00e5 fj\u00e4llet. Eftersom det \u00e4r ett m\u00fcnsterl\u00e4ger och ett vorstehl\u00e4ger i familjen s\u00e5 \u00e4r det nog bara att erk\u00e4nna att Tindra f\u00f6rsvarade sitt l\u00e4ger betr\u00e4ffande jaktresultat v\u00e4ldigt bra f\u00f6rsta \u00e5ren. Hon v\u00e5gar ta ut sv\u00e4ngarna och det g\u00f6r att hon kan h\u00e4vda sig bra p\u00e5 b\u00e5de fj\u00e4llet och p\u00e5 f\u00e4ltet. N\u00e4r hon var tre \u00e5r blev hon utsedd till &#8220;\u00c5rets Kleiner M\u00fcnsterl\u00e4nder&#8221; , blev utst\u00e4llningschampion och gick \u00e4ven upp till elitklassen p\u00e5 jaktprov. Vid fyra \u00e5rs \u00e5lder har hon f\u00e5tt b\u00f6rja jaga \u00e4lg som hon st\u00e4ller och det har skjutits r\u00e5djur f\u00f6r henne som hon drivit med skall. Tindra har haft fyra valpkullar och hon har verkligen varit en m\u00f6nstermamma. Hon har flera generationer bakom sig med jaktprovsmeriterade hundar, bland annat en kullsyster till Tindra \u00e4r \u00e5rets hund i Norge, en morbror \u00e4r \u00e5rets hund i Danmark.<\/p>\n<p>\u00c5r 2008 blev Tindra \u00e4ven vinnare av Kleiner M\u00fcnsterl\u00e4nders Avelspris.<\/p>\n<p>F\u00e4ltprov: Ukl: Ett 1.a pris (8 i f\u00e4ltbetyg), ett andrapris. \u00d6kl: Tv\u00e5 1.a pris, (f\u00e4ltbetyg 7 och 8), \u00e5tta andrapris och ett tredjepris, Ekl: Ett tredjepris<\/p>\n<p>Utst\u00e4llning Tre Cert. 1 CACIB (Svensk Utst\u00e4llnings CHampion)<\/p>\n<p><a href=\"http:\/\/www.resultatdatabasen.se\/_hund.aspx?regnr=S54836\/2000\"><em><strong>SJCH Landinarnas Daisy \u201dIsa\u201d<\/strong><\/em><\/a><\/p>\n            \n\t\t<div class=\"ngg-gallery-singlepic-image ngg-right\" style=\"max-width: 320px\">\n\t\t\t    \t<a href=\"https:\/\/hedangens.se\/wp-content\/gallery\/blandat\/isa.jpg\"\n\t\t     title=\"\"\n             data-src=\"https:\/\/hedangens.se\/wp-content\/gallery\/blandat\/isa.jpg\"\n             data-thumbnail=\"https:\/\/hedangens.se\/wp-content\/gallery\/blandat\/thumbs\/thumbs_isa.jpg\"\n             data-image-id=\"250\"\n             data-title=\"isa\"\n             data-description=\"\"\n             target='_self'\n             class=\"shutterset_0967e6b0099aaf83f674add168145c1f\">\n            <img class=\"ngg-singlepic\"\n             src=\"https:\/\/hedangens.se\/wp-content\/gallery\/blandat\/cache\/isa.jpg-nggid03250-ngg0dyn-320x240x100-00f0w010c010r110f110r010t010.jpg\"\n             alt=\"isa\"\n             title=\"isa\"\n              width=\"320\"               \/>\n    \t<\/a>\n\t\t      <\/div>\n        \n<p>F\u00f6dd 2000<\/p>\n<p>I december 2000 h\u00e4mtade vi familjens f\u00f6rsta vorsteh fr\u00e5n Anders och Christine Landin.&nbsp;Fr\u00e5n att vara fast beslutsam \u00f6ver (fr\u00e5n den ena halvan i familjen) att det inte skulle komma en &#8220;sk\u00e4ggig rotborste&#8221; in i familjen fick den andra halvan (gissa vem) sin vilja igenom och best\u00e4mde sig f\u00f6r den &#8220;sk\u00e4ggigaste&#8221;. Med facit i hand \u00e4r det inget som n\u00e5gon i familjen \u00e5ngrar. Isa har l\u00e4tt f\u00f6r att sm\u00e4lta det kallaste hj\u00e4rtat med sin charm och det \u00e4r s\u00e4llan man beh\u00f6ver fresta sitt t\u00e5lamod \u00f6ver henne. Hon \u00e4r en&nbsp; l\u00e4ttsam dam som \u00e4r rolig att jobba med. Positiv och slitvillig, vill vara sin f\u00f6rare till lags s\u00e5 mycket som g\u00e5r, bara hon f\u00f6rst\u00e5r. \u00c4nd\u00e5 \u00e4r hon inte feg utan v\u00e5gar ta ut sv\u00e4ngarna lite extra ibland. Hon \u00e4lskar att dra och \u00e4r inte r\u00e4dd f\u00f6r att ta i. Lillhusse Andr\u00e9 introducerade agility f\u00f6r henne och d\u00e4r g\u00e4llde det verkligen att h\u00e4nga med. F\u00f6r mig (Ingrid) passar hon perfekt och som det k\u00e4nns nu s\u00e5 blir det sv\u00e5rt f\u00f6r en ev ny hund att leva upp till en s\u00e5n som Isa. Vid fyra \u00e5rs \u00e5lder k\u00e4ndes det som att dom flesta bitar f\u00f6ll p\u00e5 plats och hon mognat b\u00e5de jaktligt och mentalt, jaktchampionatet satt p\u00e5 plats och s\u00e5 \u00e4ven ett f\u00f6rstapris (som till och med r\u00e4ckte till en seger) p\u00e5 Fullbruksprovet, s\u00e5 nu hoppas vi p\u00e5 att erfarenheten ska tillf\u00f6ra det d\u00e4r som man kallar: &#8221; den hunden har varit med f\u00f6rr&#8221;&#8230;..<\/p>\n<p>F\u00e4ltprov:Ukl: Tv\u00e5 1.a pris (med 8 i f\u00e4ltbetyg p\u00e5 b\u00e5da) \u00d6kl: Tv\u00e5 f\u00f6rstapris.( F\u00e4ltbetyg 8 och 7). Ekl: Ett tredje och tv\u00e5 andrapris med f\u00e4ltbetyg 5,6 samt tv\u00e5 f\u00f6rstapris p\u00e5 fj\u00e4ll.<\/p>\n<p>Utst\u00e4llning:&nbsp;1:a i jaktklass.<\/p>\n<p>Fullbruksvinnare 2004<\/p>\n<p><a href=\"http:\/\/www.resultatdatabasen.se\/_hund.aspx?regnr=SE49932\/2010\"><em><strong>Hed\u00e4ngens Karma<\/strong><\/em><\/a><\/p>\n            \n\t\t<div class=\"ngg-gallery-singlepic-image ngg-right\" style=\"max-width: 320px\">\n\t\t\t    \t<a href=\"https:\/\/hedangens.se\/wp-content\/gallery\/karma\/img_0357.jpg\"\n\t\t     title=\"Hed\u00e4ngens Karma\"\n             data-src=\"https:\/\/hedangens.se\/wp-content\/gallery\/karma\/img_0357.jpg\"\n             data-thumbnail=\"https:\/\/hedangens.se\/wp-content\/gallery\/karma\/thumbs\/thumbs_img_0357.jpg\"\n             data-image-id=\"940\"\n             data-title=\"Hed\u00e4ngens Karma\"\n             data-description=\"Hed\u00e4ngens Karma\"\n             target='_self'\n             class=\"shutterset_c162fee1ad412cadf1c07b9ebbcef445\">\n            <img class=\"ngg-singlepic\"\n             src=\"https:\/\/hedangens.se\/wp-content\/gallery\/karma\/cache\/img_0357.jpg-nggid03940-ngg0dyn-320x240x100-00f0w010c010r110f110r010t010.jpg\"\n             alt=\"Hed\u00e4ngens Karma\"\n             title=\"Hed\u00e4ngens Karma\"\n              width=\"320\"               \/>\n    \t<\/a>\n\t\t      <\/div>\n        \n<p>F\u00f6dd 2010<\/p>\n<p>Samma helg som v\u00e5r son tog studenten ber\u00e4knades Engla f\u00f6da sina valpar som Pr\u00e4stg\u00e5rdens B-Approx nu skulle bli pappa till. Med en i det n\u00e4rmaste perfekt tajming satte det ig\u00e5ng s\u00f6ndagskv\u00e4llen n\u00e4r allt studentfirande var \u00f6ver och p\u00e5 m\u00e5ndagsmorgonen den 14 juni kunde vi \u00e4ven fira till 10 sm\u00e5 valpar. En av dom skulle komma att f\u00e5 stanna kvar h\u00e4r p\u00e5 Hed\u00e4ngen och valet f\u00f6ll p\u00e5 en av tikarna som fick namnet Hed\u00e4ngens Karma.<\/p>\n<p>Uts\u00e4llning: CK, 1:jkl, BIR, BIS 3 p\u00e5 VVK.s utst\u00e4llning i S\u00e4tila 2011<\/p>\n<p>2014 tog vi beslutet att placera om Karma av olika anledningar. Idag har hon det b\u00e4ttre \u00e4n n\u00e5gonsin och fyller en stor funktion p\u00e5 m\u00e5nga olika s\u00e4tt.<\/p>\n<p><a href=\"http:\/\/kennet.skk.se\/hunddata\/Hund.aspx?hundid=2523514\"><em><strong>SJCH Hed\u00e4ngens I-Coral<\/strong><\/em><\/a><\/p>\n<div id=\"attachment_147\" style=\"width: 414px\" class=\"wp-caption alignleft\"><img aria-describedby=\"caption-attachment-147\" loading=\"lazy\" width=\"404\" height=\"269\" class=\" wp-image-147\" alt=\"\" src=\"http:\/\/hedangens.se\/wp-content\/uploads\/2009\/10\/IMG_0016.JPG\" srcset=\"https:\/\/hedangens.se\/wp-content\/uploads\/2009\/10\/IMG_0016.JPG 3072w, https:\/\/hedangens.se\/wp-content\/uploads\/2009\/10\/IMG_0016-300x200.jpg 300w, https:\/\/hedangens.se\/wp-content\/uploads\/2009\/10\/IMG_0016-1024x682.jpg 1024w\" sizes=\"(max-width: 404px) 100vw, 404px\" \/><p id=\"caption-attachment-147\" class=\"wp-caption-text\">Hed\u00e4ngens I-Coral<\/p><\/div>\n<p>&nbsp;<\/p>\n<p>&nbsp;<\/p>\n<p>&nbsp;<\/p>\n<p>&nbsp;<\/p>\n<p>&nbsp;<\/p>\n<p>&nbsp;<\/p>\n<p>&nbsp;<\/p>\n<p>&nbsp;<\/p>\n<p>&nbsp;<\/p>\n<p>F\u00f6dd- Ny\u00e5rsafton 2008<\/p>\n<p>H\u00f6sten -10 F\u00f6rstapris jakt Ukl, f\u00e4ltbetyg 8<\/p>\n<p>H\u00f6sten-11 Totalt fem starter i \u00d6KL och EKL, fyra f\u00f6rstapris varav ett med f\u00e4ltbetyg 9, SJCH.<\/p>\n<p>V\u00e5ren -11, Utst\u00e4llning 1 Cert, 1 CK<\/p>\n<p>\u00c5rets st\u00e4vh\u00e5rstik 2012<\/p>\n<p><a href=\"http:\/\/www.resultatdatabasen.se\/_hund.aspx?regnr=S29463\/2003\"><em><strong>SJCH Hed\u00e4ngens Engla<\/strong><\/em><\/a><\/p>\n<div id=\"attachment_142\" style=\"width: 414px\" class=\"wp-caption alignleft\"><img aria-describedby=\"caption-attachment-142\" loading=\"lazy\" width=\"404\" height=\"269\" class=\" wp-image-142\" alt=\"\" src=\"http:\/\/hedangens.se\/wp-content\/uploads\/2009\/10\/IMG_0028.JPG\" srcset=\"https:\/\/hedangens.se\/wp-content\/uploads\/2009\/10\/IMG_0028.JPG 3072w, https:\/\/hedangens.se\/wp-content\/uploads\/2009\/10\/IMG_0028-300x200.jpg 300w, https:\/\/hedangens.se\/wp-content\/uploads\/2009\/10\/IMG_0028-1024x682.jpg 1024w\" sizes=\"(max-width: 404px) 100vw, 404px\" \/><p id=\"caption-attachment-142\" class=\"wp-caption-text\">SJCH Hed\u00e4ngens Engla<\/p><\/div>\n<p>F\u00f6dd-2003<\/p>\n<p>Lilla Engla blev en av resultatet mellan Tindra och Jerry lee Lewis. Hon orsakar inte m\u00e5nga gr\u00e5a h\u00e5r, \u00e4r en okomplicerad och l\u00e4ttdresserad hund. Finner sig i det mesta, positiv, arbetsvillig och \u00e4r barnens favorit.<\/p>\n<p>Engla \u00e4r den f\u00f6rsta Kleiner M\u00fcnsterl\u00e4ndertik som blivit Svensk Jaktchampion och den f\u00f6rsta KLM som tagit f\u00f6rstapris i elitklass p\u00e5 riksprov.<\/p>\n<p>H\u00f6sten -04 har Engla f\u00e5tt ett f\u00f6rstapris unghundsklass (f\u00e4ltbetyg 7) och tv\u00e5 andrapris.<\/p>\n<p>H\u00f6sten -05: Engla startade tre f\u00e4ltprov i \u00f6ppenklass varav ett andrapris och tv\u00e5 f\u00f6rstapris med 7 och 8 i f\u00e4ltbetyg.<\/p>\n<p>2005 \u00c5rets Kleiner M\u00fcnsterl\u00e4nder<\/p>\n<p>H\u00f6sten -06: Tv\u00e5 2:a pris EKL varav ett p\u00e5 riksprovet 2006. Ett 1:a pris EKL.<\/p>\n<p>H\u00f6sten -07: 1:a pris elit och SJCH<\/p>\n<p>H\u00f6sten -09: 1:a pris Ekl p\u00e5 Riksprovet i Sk\u00e5ne<\/p>\n","protected":false},"excerpt":{"rendered":"<p>\u201dTiffy\u201d (Nyhems Jee Jee) F\u00f6dd 1992. V\u00e5ran f\u00f6rsta Kleiner M\u00fcnsterl\u00e4nder. Som sagts tidigare i v\u00e5ran personliga presentation blev hon aldrig n\u00e5gon riktig allroundhund. En expert blev hon p\u00e5 h\u00e5rvilt, men pga v\u00e5r okunskap n\u00e4r det g\u00e4llde f\u00e5geljakt, fick hon aldrig chansen att utveckla den egenskapen tillr\u00e4ckligt f\u00f6r att p\u00e5 ett effektivt s\u00e4tt hj\u00e4lpa till med [&hellip;]<\/p>\n","protected":false},"author":1,"featured_media":0,"parent":0,"menu_order":0,"comment_status":"open","ping_status":"open","template":"","meta":{"ngg_post_thumbnail":0},"_links":{"self":[{"href":"https:\/\/hedangens.se\/index.php?rest_route=\/wp\/v2\/pages\/772"}],"collection":[{"href":"https:\/\/hedangens.se\/index.php?rest_route=\/wp\/v2\/pages"}],"about":[{"href":"https:\/\/hedangens.se\/index.php?rest_route=\/wp\/v2\/types\/page"}],"author":[{"embeddable":true,"href":"https:\/\/hedangens.se\/index.php?rest_route=\/wp\/v2\/users\/1"}],"replies":[{"embeddable":true,"href":"https:\/\/hedangens.se\/index.php?rest_route=%2Fwp%2Fv2%2Fcomments&post=772"}],"version-history":[{"count":21,"href":"https:\/\/hedangens.se\/index.php?rest_route=\/wp\/v2\/pages\/772\/revisions"}],"predecessor-version":[{"id":860,"href":"https:\/\/hedangens.se\/index.php?rest_route=\/wp\/v2\/pages\/772\/revisions\/860"}],"wp:attachment":[{"href":"https:\/\/hedangens.se\/index.php?rest_route=%2Fwp%2Fv2%2Fmedia&parent=772"}],"curies":[{"name":"wp","href":"https:\/\/api.w.org\/{rel}","templated":true}]}}