{"id":254,"date":"2009-10-12T16:22:34","date_gmt":"2009-10-12T14:22:34","guid":{"rendered":"http:\/\/hedangens.se\/?page_id=254"},"modified":"2009-10-23T18:32:33","modified_gmt":"2009-10-23T16:32:33","slug":"2007","status":"publish","type":"page","link":"https:\/\/hedangens.se\/?page_id=254","title":{"rendered":"2007"},"content":{"rendered":"<p>Grattis Lisbeth och Ylva till ytterligare ett andrapris f\u00e4lt, Katarina och Loka som f\u00e5tt en \u00f6ppenklassetta, Jackson och Annika som vunnit en utst\u00e4llning i Norge och d\u00e4rmed IntUch. De blev \u00e4ven BIM p\u00e5 stockholmsutst\u00e4llningen i helgen och \u00e4r nu \u00e4ven Nordisk Uch !!! Grattis till er alla !!<\/p>\n<p>07-11-14 I helgen som g\u00e5tt hade vi ett f\u00e4ltprov. M\u00e5nga framg\u00e5ngar blev det. Jimmy och Elsa, PA och Pepsi fick varsitt andrapris i ukl. Riktigt bra med tanke p\u00e5 att hundarna \u00e4r blott 11 m\u00e5nader. Jan och Storm fick sin andra \u00f6ppenklassetta och blev d\u00e4rmed uppflyttad till elitklassen. Ytterligare en som blev glad var Annika med Jackson (som \u00e4r pappa till Tindras nuvarande valpar), dom er\u00f6vrade ett f\u00f6rstapris i elit med 8 i f\u00e4ltbetyg. Vi som var med kan intyga att det inte bara var fasaner som f\u00e4lldes den dagen utan \u00e4ven gl\u00e4djet\u00e5rar fr\u00e5n Jacksons matte Annica. Grattis till er alla !!!<\/p>\n<p>\u00c4ntligen har det h\u00e4nt !!! Ingrid har blivit slagen p\u00e5 f\u00e4ltprov av sin egen valpk\u00f6pare !! Idag har n\u00e4mligen Jan med sin Storm f\u00e5tt sin f\u00f6rsta elitetta p\u00e5 provet i Alings\u00e5s. Han d\u00f6mdes av Birger Knutsson och fick f\u00e4ltbetyg 7. V\u00e4l unnat Jan och Storm, ska man bli slagen ska man bli det av sina valpk\u00f6pare. Stort Grattis !!!<\/p>\n<p>Grattis \u00e4ven till Katarina och Loka som p\u00e5 samma prov fick ett andrapris.<\/p>\n<p>Vi vill ocks\u00e5 gratulera Carl Fredrik och Nelson till sin tredjeplacering p\u00e5 det Norska klubbm\u00e4sterskapet i helgen. Grattis !!<\/p>\n<p>07-10-28 Vi gratulerar M\u00fcnster\u00e4garna Lisbeth med Ylva och Katarina med Loka till varsitt andrapris p\u00e5 jaktprov f\u00e4lt (\u00f6kl) nu i helgen !!!<\/p>\n<p>Idag har Tomas f\u00e4llt sin hittills st\u00f6rsta \u00e4lg. En mycket st\u00e5tlig 10 taggare!\u00a0 Med dessa horn \u00e4r det inte sv\u00e5rt att f\u00f6rst\u00e5 begreppet\u00a0 &#8220;skogens Konung&#8221;. (D\u00e5 \u00e4r ju v\u00e5ra &#8220;s\u00f6der\u00e4lgar&#8221; inte mycket mot dom i norr).\u00a0 Kanske \u00e4r det en av de f\u00e5 chanser en \u00e4lgj\u00e4gare f\u00e5r i sitt j\u00e4garliv<\/p>\n<p>07-10-18 Vi s\u00e4ger Grattis till Per Anders och Pepsi, Jimmy och Elsa som klarat efters\u00f6ksgrenarna i ukl med sp\u00e5r och vatten idag. Med tanke p\u00e5 att hundarna fyllde 10 m\u00e5nader i fredags (vilket \u00e4r min. gr\u00e4ns f\u00f6r att f\u00e5 starta prov) \u00e4r det bra jobbat. Lycka till p\u00e5 f\u00e4ltet !!!<\/p>\n<p>07-10-08 I helgen som gick hade \u00d6stras avdelning sitt \u00e5rliga jaktprov p\u00e5 Berga. Det skulle bli v\u00e5rat andra och planerat sista prov f\u00f6r s\u00e4songen hade vi t\u00e4nkt d\u00e5 jakten tar \u00f6ver tiden mer och mer under h\u00f6sten. Tomas startade elit med Engla och Jan \u00f6kl med storm. Det var 8 hundar med i gruppen varav 4 unghundar och 4 elithundar som alla var av god kvalitet. Endast en hund f\u00f6rbr\u00f6t sig och fick ett eg. En unghund som fortfarande hade lite kvar att jobba p\u00e5 n\u00e4r det g\u00e4llde respekt f\u00f6r flygande f\u00e5gel men som f\u00f6r \u00f6vrigt var en mycket trevlig och lovande hund! Bara att jobba p\u00e5. Det delades ut 2 andrapris med 6 i f\u00e4ltbetyg och resterande fick f\u00e4ltbetyg 7. Engla var en av &#8220;7 orna&#8221; och fick d\u00e4rmed den andra elitettan och kan nu titulera sig SJCH. Extra roligt \u00e4r ocks\u00e5 att hon g\u00e5r till historia eftersom det \u00e4r den f\u00f6rsta M\u00fcnstertik i Sverige som blivit jaktchampion. Ett bra avslut p\u00e5 provs\u00e4songen! M\u00fcnstern \u00e4r p\u00e5 frammarsch, det \u00e4r bara att konstatera d\u00e5 det resulterat med flera h\u00f6gt meriterade hundar p\u00e5 v\u00e5ra prov i \u00e5r och s\u00e4songen \u00e4r ju inte slut \u00e4n. Vi \u00f6nskar er forts\u00e4ttningsvis\u00a0 Lycka till!<\/p>\n<p>Grattis till Jan och Storm som fick ett andrapris i \u00f6kl.<\/p>\n<p>07-10-01<\/p>\n<p>Helgen som var gick \u00d6landsprovet av stapeln. Vi s\u00e4ger Grattis till Jan T\u00f6rnqvist och Storm som fick ett andrapris.<\/p>\n<p>\u00c4ven v\u00e5r Fl\u00e4kta gjorde ett bra jobb och fick sin andra &#8220;\u00f6ppenklassetta&#8221; och \u00e4r d\u00e4rmed uppflyttad till elitklass.<\/p>\n<p>Ett f\u00f6rsenat Grattis till Anders och Hobbe, Jan och Storm som kammade hem varsitt f\u00f6rstapris i \u00f6kl p\u00e5 Mitt\u00e5dalsprovet i b\u00f6rjan av september. Verkligen bra jobbat !!<\/p>\n<p>Den 22-23 september hade vi v\u00e5r f\u00e4lttr\u00e4ning f\u00f6r valparna.<\/p>\n<p>Vi vill \u00e4ven H\u00e4lsa Mazarins nya husse Christer v\u00e4lkommen in i &#8220;g\u00e4nget&#8221;. Mazarin har ju bott hos oss i 8 m\u00e5nader d\u00e5 han inte hittat r\u00e4tt husse, men nu hoppas vi att Christer och Mazarin f\u00e5r m\u00e5nga bra \u00e5r tillsammans.<\/p>\n<p>07-08-13 Uppdateringarna p\u00e5 hemsidan har inte varit flitiga den sista tiden och det v\u00e4rsta \u00e4r att h\u00e4r i s\u00f6der g\u00e5r det inte ens att skylla p\u00e5 att det varit f\u00f6r fint v\u00e4der f\u00f6r att sitta vid datorn d\u00e5 det fina sommarv\u00e4dret har lyst med sin fr\u00e5nvaro f\u00f6r det mesta.<\/p>\n<p>Nytt f\u00f6r i \u00e5r \u00e4r ju v\u00e5ra &#8220;fredagstr\u00e4ningar&#8221;. S\u00e5 gott som varje fredag under v\u00e5ren och sommaren har vi haft &#8220;\u00f6ppet hus&#8221; f\u00f6r fr\u00e4mst v\u00e5ra valpk\u00f6pare. Vi har alla tr\u00e4nat tillsammans och hj\u00e4lpt varann och vi \u00e4r stolta \u00f6ver att uppslutningen har varit mer \u00e4n god. N\u00e4r hundarna har f\u00e5tt sitt har vi \u00e4ven skjutit lerduvor f\u00f6r att tr\u00e4na v\u00e5rat skytte f\u00f6r det kvittar ju hur duktiga hundar vi \u00e4n har om vi inte kan s\u00e4tta pricken \u00f6ver i. Eller hur? Fredagskv\u00e4llarna har sedan slutat med att grillen t\u00e4nts och vi har haft en trevlig samvaro.<\/p>\n<p>Vi vill nu tacka er alla som varit h\u00e4r och gjort fredagarna mycket trevliga och vi hoppas att ni och hunden kommer att ha nytta av det under h\u00f6sten !!!!<\/p>\n<p>Vi vill ocks\u00e5 gratulera alla er som lyckats med b\u00e5de viltsp\u00e5rprov och efters\u00f6ksgrenarna ! V\u00e4l m\u00f6tt p\u00e5 f\u00e4ltet i h\u00f6st !<\/p>\n<p>07-04-10 Nu \u00e4r sidan \u00e4ntligen uppdaterad och mycket har h\u00e4nt sen sist.<\/p>\n<p>Vi b\u00f6rjar med att gratulera Carl Fredrik Gr\u00fcnert och Nelson till deras tredjeplacering p\u00e5 det Norska klubbm\u00e4sterskapet och till ett andrapris p\u00e5 fj\u00e4llprov !!<\/p>\n<p>07-03-16 var vi p\u00e5 sk\u00e5netr\u00e4ning hos Stefan Nilsson.<\/p>\n<p>07-03-31 hade vi f\u00f6rsta valptr\u00e4ffen f\u00f6r Isa och Amors valpar.<\/p>\n<p>F\u00f6rmodligen kommer det M\u00fcnstervalpar till h\u00f6sten efter v\u00e5ran Tindra.<\/p>\n<p>Vi planerar till sensommar\/h\u00f6st att erbjuda f\u00e5geltr\u00e4ning p\u00e5 rapph\u00f6ns till ett rimligt pris. Ev tid bokar vi efter \u00f6verenskommelse.<\/p>\n<p><span style=\"text-decoration: underline;\">Vi vill passa p\u00e5 att framf\u00f6ra ett stort TACK till er som har haft hanhundarna till v\u00e5ra tikar f\u00f6r erat engagemang. Allt fr\u00e5n att vara med p\u00e5 valptr\u00e4ffar, ta sig an valpar i sitt n\u00e4romr\u00e5de, erbjuda sin hj\u00e4lp och g\u00f6ra sig igenk\u00e4nd. Det \u00e4r av stort v\u00e4rde b\u00e5de f\u00f6r oss och f\u00f6r v\u00e5ra valpk\u00f6pare !! <\/span><\/p>\n<p>07-02-19 Nu har alla valpar i G-kullen flyttat till sina nya hem. Vi \u00f6nskar er alla Lycka Till och att ni f\u00e5r en god jaktkamrat i m\u00e5nga \u00e5r<\/p>\n<p>07-01-07 Rekomenderas!! DVD filmen &#8220;S\u00e5 tr\u00e4nar jag min valp&#8221; av Anders Landin. Mycket bra f\u00f6r er som g\u00e5r i hundk\u00f6partankar och \u00e4ven f\u00f6r oss &#8220;gamlingar&#8221;. Visar allt fr\u00e5n tikens ledarskap \u00f6ver valpen som vi skall f\u00f6rs\u00f6ka ta \u00f6ver vid 8 veckor till bl.a apportering och f\u00e4lt\/f\u00e5gelarbete p\u00e5 ett inspirationsgivande och l\u00e4ttbegripligt s\u00e4tt.<\/p>\n","protected":false},"excerpt":{"rendered":"<p>Grattis Lisbeth och Ylva till ytterligare ett andrapris f\u00e4lt, Katarina och Loka som f\u00e5tt en \u00f6ppenklassetta, Jackson och Annika som vunnit en utst\u00e4llning i Norge och d\u00e4rmed IntUch. De blev \u00e4ven BIM p\u00e5 stockholmsutst\u00e4llningen i helgen och \u00e4r nu \u00e4ven Nordisk Uch !!! Grattis till er alla !! 07-11-14 I helgen som g\u00e5tt hade vi [&hellip;]<\/p>\n","protected":false},"author":1,"featured_media":0,"parent":0,"menu_order":0,"comment_status":"open","ping_status":"open","template":"","meta":{"ngg_post_thumbnail":0},"_links":{"self":[{"href":"https:\/\/hedangens.se\/index.php?rest_route=\/wp\/v2\/pages\/254"}],"collection":[{"href":"https:\/\/hedangens.se\/index.php?rest_route=\/wp\/v2\/pages"}],"about":[{"href":"https:\/\/hedangens.se\/index.php?rest_route=\/wp\/v2\/types\/page"}],"author":[{"embeddable":true,"href":"https:\/\/hedangens.se\/index.php?rest_route=\/wp\/v2\/users\/1"}],"replies":[{"embeddable":true,"href":"https:\/\/hedangens.se\/index.php?rest_route=%2Fwp%2Fv2%2Fcomments&post=254"}],"version-history":[{"count":4,"href":"https:\/\/hedangens.se\/index.php?rest_route=\/wp\/v2\/pages\/254\/revisions"}],"predecessor-version":[{"id":478,"href":"https:\/\/hedangens.se\/index.php?rest_route=\/wp\/v2\/pages\/254\/revisions\/478"}],"wp:attachment":[{"href":"https:\/\/hedangens.se\/index.php?rest_route=%2Fwp%2Fv2%2Fmedia&parent=254"}],"curies":[{"name":"wp","href":"https:\/\/api.w.org\/{rel}","templated":true}]}}