{"id":208,"date":"2009-10-12T14:10:51","date_gmt":"2009-10-12T12:10:51","guid":{"rendered":"http:\/\/hedangens.se\/?page_id=208"},"modified":"2009-10-12T14:10:51","modified_gmt":"2009-10-12T12:10:51","slug":"2005","status":"publish","type":"page","link":"https:\/\/hedangens.se\/?page_id=208","title":{"rendered":"2005"},"content":{"rendered":"<p>2005<\/p>\n<p>05-12-06 Ja,.. d\u00e5 har sista valpen flyttat till sitt nya hem och vi \u00f6nskar alla nya valpk\u00f6pare LYCKA TILL!!!<\/p>\n<p>05-11-06 Nu har det varit jaktprov i helgen och \u00e5terigen fick Hed\u00e4ngens flagga hissas. Tolv hundar deltog med Birger Knutsson som domare. F\u00e5geltillg\u00e5ngen var god och klassen p\u00e5 deltagare var h\u00f6g. Tre M\u00fcnstrar deltog varav tv\u00e5 avkommor fr\u00e5n Tindra. Stefan Ardhus med Hed\u00e4ngens Delfi och v\u00e5r egen Engla fick f\u00f6rstapris b\u00e5da tv\u00e5 och direktbiljett till elit klassen med 8 i f\u00e4ltbetyg !! Ett stort Grattis framf\u00f6r allt till Stefan och Delfi !!!<\/p>\n<p>( Tredje hunden var Torun Brates Herrskapets A-Is som \u00e4ven dom fick ett f\u00f6rstapris. Grattis!)<\/p>\n<p>05-10-31 Valparna v\u00e4xer och ser fina ut. Nu har dom f\u00e5tt flytta ut i den stora valphagen. Dom har b\u00f6rjat \u00e4ta lite riktig mat och Tndra b\u00f6rjar f\u00e5 hj\u00e4lp fr\u00e5n alla h\u00e5ll att sk\u00f6ta om sina barn. V\u00e5r vorsteh Fl\u00e4kta som sj\u00e4lv inte \u00e4r s\u00e5 gammal tycker detta \u00e4r himmelriket med s\u00e5 m\u00e5nga leksugna och valparna kommer nog att bli h\u00e4rdade av stora vorstehtassar.<\/p>\n<p>Det har varit \u00e4nnu mer framg\u00e5ngar p\u00e5 proven. F\u00f6rra helgen startade v\u00e5r egen Engla sitt f\u00f6rsta \u00f6ppenklass prov och fick f\u00e4ltbetyg 7 och d\u00e4rmed ett f\u00f6rstapris. I helgen som varit var det prov i Mellerud och Alings\u00e5s. Tre hundar fr\u00e5n Hed\u00e4ngens startade: Delfi, Engla och Loka som alla fick andrapris.<\/p>\n<p>05-10-17 I helgen som g\u00e5tt anordnade v\u00e4stsvenska sitt \u00e5rliga f\u00e4ltprov p\u00e5 Sperlingsholm i Halmstad och vi s\u00e4ger Grattis till Cattarina Alleborg och Hed\u00e4ngens Loka Alena som startade sitt f\u00f6rsta prov. Dom startade i unghundsklass b\u00e5da dagarna och mjukstartade p\u00e5 l\u00f6rdagen med ett andrapris f\u00f6r att p\u00e5 s\u00f6ndagen ta f\u00f6rstapriset och \u00e4ven bli provb\u00e4sta unghund.\u00a0 En kanonstart f\u00f6r Cattis och Loka som bara \u00e4r 15 m\u00e5nader!!!!<\/p>\n<p>Fina framg\u00e5ngar&#8230;.<\/p>\n<p>05-10-10 Nu har ytterligare en av Isas kullsyskon vunnit fullbruksprovet. Stort Grattis!! till Cecilia Linder-Karlsson och hennes hund Landinarnas Diva som fick sitt 1:a pris och vann FBP i helgen. Nu har fyra hundar av fem i samma kull f\u00f6rstapris\u00a0 FBP!!<\/p>\n<p>Vi s\u00e4ger \u00e4ven Grattis till M\u00fcnsterv\u00e4rldens nya jaktchampion Jerry Lee Lewis som \u00e4r pappa till Tindras f\u00f6rsta kull. Den titeln kan man b\u00e4ra med extra stolthet som m\u00fcnster\u00e4gare!!<\/p>\n<p>Grattis \u00e4ven till Jan T\u00f6rnqvist och Landinarnas Douglas som kammat hem sin f\u00f6rsta elitetta.<\/p>\n<p>05-08-04<\/p>\n<p>Under semestertider har det h\u00e4nt en del hos &#8220;Hed\u00e4ngare&#8221;. Vi gratulerar M\u00fcnster\u00e4garna Stefan Ardhus med Delfi som blev b\u00e4sta sp\u00e5rhund p\u00e5 efters\u00f6ksgrenarna i Abild, Tomas Eliasson med Troja fr\u00e5n Kirruna som fullpottade efters\u00f6ksgrenarna med 10 vatten 10 sp\u00e5r. Som vorsteh\u00e4gare grattar vi Karin med Esko som blev BIS valp p\u00e5 en inoff utst\u00e4llning. Dom var \u00e4ven med i en tr\u00e4ningsgrupp f\u00f6r Anders Landin p\u00e5 F\u00e4vikens Game Fair d\u00e4r dom uts\u00e5gs till helgens ekipage.<\/p>\n<p>Vi har \u00e4ven parat Tindra s\u00e5 nu hoppas vi p\u00e5 valpar. F\u00f6r intresse, ring oss f\u00f6r vidare information.<\/p>\n<p>05-06-20 Valptr\u00e4ff f\u00f6r E-kullare igen.<\/p>\n<p>05-04-23 Stort Grattis till Tomas Haglund och hans m\u00fcnstertik Nova (Hed\u00e4ngens Medea) som blev b\u00e4sta hund p\u00e5 SVK \u00d6stras viltsp\u00e5rprov.<\/p>\n<p>05-04-21<\/p>\n<p>Fem av Tindras valpar \u00e4r mentaltestade av Claes Hemberg, likv\u00e4rdiga och goda mentaliteter<\/p>\n<p>05-04-02 Klubbm\u00e4sterskapet i V\u00e4stsvenska Lokalavdelningen har g\u00e5tt av stapeln idag. 11 hundar kom till start och Stefan Ardhus med sin M\u00fcnsterunghund Delfi f\u00f6rsvarade Hed\u00e4ngens f\u00e4rger genom att vinna hela matchen!! Ett Stort Grattis till Er d\u00e5 ni l\u00e4mnade b\u00e5de syrran, elithundar och jaktchampions bakom er.<\/p>\n<p>05-01-09: Isa har f\u00e5tt 10 sm\u00e5 valpar. Fem tikar och fem hanar.<\/p>\n","protected":false},"excerpt":{"rendered":"<p>2005 05-12-06 Ja,.. d\u00e5 har sista valpen flyttat till sitt nya hem och vi \u00f6nskar alla nya valpk\u00f6pare LYCKA TILL!!! 05-11-06 Nu har det varit jaktprov i helgen och \u00e5terigen fick Hed\u00e4ngens flagga hissas. Tolv hundar deltog med Birger Knutsson som domare. F\u00e5geltillg\u00e5ngen var god och klassen p\u00e5 deltagare var h\u00f6g. Tre M\u00fcnstrar deltog varav [&hellip;]<\/p>\n","protected":false},"author":1,"featured_media":0,"parent":0,"menu_order":0,"comment_status":"open","ping_status":"open","template":"","meta":{"ngg_post_thumbnail":0},"_links":{"self":[{"href":"https:\/\/hedangens.se\/index.php?rest_route=\/wp\/v2\/pages\/208"}],"collection":[{"href":"https:\/\/hedangens.se\/index.php?rest_route=\/wp\/v2\/pages"}],"about":[{"href":"https:\/\/hedangens.se\/index.php?rest_route=\/wp\/v2\/types\/page"}],"author":[{"embeddable":true,"href":"https:\/\/hedangens.se\/index.php?rest_route=\/wp\/v2\/users\/1"}],"replies":[{"embeddable":true,"href":"https:\/\/hedangens.se\/index.php?rest_route=%2Fwp%2Fv2%2Fcomments&post=208"}],"version-history":[{"count":1,"href":"https:\/\/hedangens.se\/index.php?rest_route=\/wp\/v2\/pages\/208\/revisions"}],"predecessor-version":[{"id":209,"href":"https:\/\/hedangens.se\/index.php?rest_route=\/wp\/v2\/pages\/208\/revisions\/209"}],"wp:attachment":[{"href":"https:\/\/hedangens.se\/index.php?rest_route=%2Fwp%2Fv2%2Fmedia&parent=208"}],"curies":[{"name":"wp","href":"https:\/\/api.w.org\/{rel}","templated":true}]}}