{"id":205,"date":"2009-10-12T13:57:47","date_gmt":"2009-10-12T11:57:47","guid":{"rendered":"http:\/\/hedangens.se\/?page_id=205"},"modified":"2009-10-12T13:57:47","modified_gmt":"2009-10-12T11:57:47","slug":"2004","status":"publish","type":"page","link":"https:\/\/hedangens.se\/?page_id=205","title":{"rendered":"2004"},"content":{"rendered":"<p>2004<\/p>\n<p>04-11-14: STORT GRATTIS till Stefan Ardhus och M\u00fcnstertiken Hed\u00e4ngens Delfi som gl\u00e4nste p\u00e5 f\u00e4ltprovet i Mellerud. Delfi fick f\u00e4ltbetyg 7!! men tyv\u00e4rr fattades det n\u00e5gra ynka po\u00e4ng fr\u00e5n efters\u00f6ksgrenarna som gjorde att det inte r\u00e4ckte till ett f\u00f6rstapris totalt. Men ett <span style=\"text-decoration: underline;\">v\u00e4lf\u00f6rtj\u00e4nt<\/span> andra pris kan dom vara stolta \u00f6ver.<\/p>\n<p>V\u00e5r egen M\u00fcnstertik Engla hj\u00e4lpte till att f\u00f6rsvara Hed\u00e4ngens f\u00e4rger och fick \u00e4ven hon f\u00e4ltbetyg 7. Det blev totalt ett f\u00f6rstapris och hon blev \u00e4ven b\u00e4sta unghunden p\u00e5 provet!! B\u00e4ttre \u00e4n s\u00e5 h\u00e4r kan man v\u00e4l inte s\u00e4tta punkt f\u00f6r den h\u00e4r provs\u00e4songen&#8230;.?!!<\/p>\n<p>04-11-10: Isa toppade provs\u00e4songen med att ta ett\u00a0 f\u00f6rstapris och vinna \u00e5rets fullbriksprov<span style=\"text-decoration: underline;\"> <\/span>som arrangerades av SVK S\u00f6dra 22-24 oktober. (Ett f\u00f6r \u00f6vrigt MYCKET TREVLIGT och V\u00c4LARRANGERAT prov). Tv\u00e5 av Isas kullsyskon startade p\u00e5 samma prov : Jan T\u00f6rnqvist med Landinarnas Douglas som \u00e4ven fick ett f\u00f6rstapris och Cecilia Linder-Karlsson med Landinarnas Diva som var h\u00e5rfint n\u00e4ra ett pris men som \u00e4nd\u00e5 gjorde ett <span style=\"text-decoration: underline;\">v\u00e4l fungerande<\/span> arbete. Anders Landin har det fj\u00e4rde kullsyskonet, Landinarnas Dagny, har ocks\u00e5 ett f\u00f6rstapris som dom er\u00f6vrade f\u00f6rra \u00e5ret. Summa summarum: 4 av 5 kullsyskon har startat p\u00e5 Fullbruksprov och visar att dom \u00e4r v\u00e4l fungerande allroundhundar!! Mycket mer bevisande \u00e4n s\u00e5 kan det knappast inte bli.<\/p>\n<p>F\u00f6r att f\u00f6rhoppningsvis sprida lite av dom goda generna vidare \u00e4r nu Isa parad. Valpar v\u00e4ntas i b\u00f6rjan av januari -05.<\/p>\n<p>04-10-14 GRATTIS!!! till Carl Johan och Jerry Lee Lewis till deras lyckade jaktprovshelg p\u00e5 Gotland . Dom fick det andra f\u00f6rstapriset i \u00f6kl viket gav intr\u00e4de till elitklassen, startade helprov i Ekl och toppade med f\u00e4ltbetyg 8!! D\u00e4rmed vinnare av hela Gotlandsprovet!! Inte nog med det&#8230;Carl Johan och &#8220;Loe&#8221; startade p\u00e5 fullbruksprovet och drog hem ett f\u00f6rstapris d\u00e4r med och kom sammanlagt p\u00e5 en delad tredjeplats!! M\u00fcnstern \u00e4r p\u00e5 frammarsch, s\u00e5 se upp nu vorstehfolk och m\u00fcnsterfolket har f\u00e5tt n\u00e5got att leva upp till!!<\/p>\n<p>04-10-10 GRATTIS!! till Stefan Ardhus och Hed\u00e4ngens Delfi som startade p\u00e5 Halmstadprovet.\u00a0 D\u00e4r er\u00f6vrade dom ett andrapris med f\u00e4ltbetyg 6.<\/p>\n<p>04-09-25: Efter sina elitettor p\u00e5 fj\u00e4llet och godk\u00e4nt blodsp\u00e5r har nu Isa blivit familjens f\u00f6rsta Jaktprovs Champion!!<\/p>\n<p>Fyra av Tindras valpar i kull 1 har startat p\u00e5 efters\u00f6ksgrenarna och \u00e4r klara f\u00f6r f\u00e4ltet i h\u00f6st. GRATTIS till: Delfi: 8 vatten 9 sp\u00e5r. Tuva (Helia) 7 vatten 10 sp\u00e5r. Engla: 8 vatten 10 sp\u00e5r. Extra grattis till Cindy (Brisa) och Roger som fullpottade med 10 vatten,10 sp\u00e5r! Kritik finns p\u00e5 vorstehklubbens resultatsida<\/p>\n<p>V\u00e5ran Tindra \u00e4r utsedd till &#8220;\u00c5rets Kleiner M\u00fcnsterl\u00e4nder 2003&#8221;<\/p>\n","protected":false},"excerpt":{"rendered":"<p>2004 04-11-14: STORT GRATTIS till Stefan Ardhus och M\u00fcnstertiken Hed\u00e4ngens Delfi som gl\u00e4nste p\u00e5 f\u00e4ltprovet i Mellerud. Delfi fick f\u00e4ltbetyg 7!! men tyv\u00e4rr fattades det n\u00e5gra ynka po\u00e4ng fr\u00e5n efters\u00f6ksgrenarna som gjorde att det inte r\u00e4ckte till ett f\u00f6rstapris totalt. Men ett v\u00e4lf\u00f6rtj\u00e4nt andra pris kan dom vara stolta \u00f6ver. V\u00e5r egen M\u00fcnstertik Engla hj\u00e4lpte [&hellip;]<\/p>\n","protected":false},"author":1,"featured_media":0,"parent":0,"menu_order":0,"comment_status":"open","ping_status":"open","template":"","meta":{"ngg_post_thumbnail":0},"_links":{"self":[{"href":"https:\/\/hedangens.se\/index.php?rest_route=\/wp\/v2\/pages\/205"}],"collection":[{"href":"https:\/\/hedangens.se\/index.php?rest_route=\/wp\/v2\/pages"}],"about":[{"href":"https:\/\/hedangens.se\/index.php?rest_route=\/wp\/v2\/types\/page"}],"author":[{"embeddable":true,"href":"https:\/\/hedangens.se\/index.php?rest_route=\/wp\/v2\/users\/1"}],"replies":[{"embeddable":true,"href":"https:\/\/hedangens.se\/index.php?rest_route=%2Fwp%2Fv2%2Fcomments&post=205"}],"version-history":[{"count":2,"href":"https:\/\/hedangens.se\/index.php?rest_route=\/wp\/v2\/pages\/205\/revisions"}],"predecessor-version":[{"id":454,"href":"https:\/\/hedangens.se\/index.php?rest_route=\/wp\/v2\/pages\/205\/revisions\/454"}],"wp:attachment":[{"href":"https:\/\/hedangens.se\/index.php?rest_route=%2Fwp%2Fv2%2Fmedia&parent=205"}],"curies":[{"name":"wp","href":"https:\/\/api.w.org\/{rel}","templated":true}]}}