{"id":170,"date":"2009-10-12T10:12:16","date_gmt":"2009-10-12T08:12:16","guid":{"rendered":"http:\/\/hedangens.se\/?page_id=170"},"modified":"2012-12-08T19:13:25","modified_gmt":"2012-12-08T18:13:25","slug":"robur-svenskt-hundfoder-med-kvalite","status":"publish","type":"page","link":"https:\/\/hedangens.se\/?page_id=170","title":{"rendered":"ROBUR"},"content":{"rendered":"            \n\t\t<div class=\"ngg-gallery-singlepic-image ngg-right\" style=\"max-width: 320px\">\n\t\t\t    \t<a href=\"https:\/\/hedangens.se\/wp-content\/gallery\/blandat\/bild1.jpg\"\n\t\t     title=\"\"\n             data-src=\"https:\/\/hedangens.se\/wp-content\/gallery\/blandat\/bild1.jpg\"\n             data-thumbnail=\"https:\/\/hedangens.se\/wp-content\/gallery\/blandat\/thumbs\/thumbs_bild1.jpg\"\n             data-image-id=\"1190\"\n             data-title=\"bild1\"\n             data-description=\"\"\n             target='_self'\n             class=\"shutterset_cfb4a8a833725a890357eb23744385f2\">\n            <img class=\"ngg-singlepic\"\n             src=\"https:\/\/hedangens.se\/wp-content\/gallery\/blandat\/cache\/bild1.jpg-nggid041190-ngg0dyn-320x240x100-00f0w010c010r110f110r010t010.jpg\"\n             alt=\"bild1\"\n             title=\"bild1\"\n              width=\"320\"               \/>\n    \t<\/a>\n\t\t      <\/div>\n        \n<p>2008 fick vi en f\u00f6rfr\u00e5gan om ett eventuellt samarbete med hundfodertillverkaren f\u00f6r ROBUR.<\/p>\n<p>Vi provade fodret under en tid med ett mycket positivt resultat, p\u00e4lsarna blev b\u00e4ttre, det gick \u00e5t mindre foder men dom beh\u00f6ll \u00e4nd\u00e5 sin form vilket ledde till f\u00e4rre och mindre \u201dh\u00f6gar\u201d i tr\u00e4dg\u00e5rden.<\/p>\n<p>2009 hade vi f\u00f6rm\u00e5nen att f\u00e5 bli en av ROBURS referenskennlar.<\/p>\n<p>Fodret kan vi varmt rekommendera, en stor f\u00f6rdel \u00e4r att det tillverkas i Sverige, med tanke p\u00e5 v\u00e5r milj\u00f6 m\u00e5r samvetet gott av att bidra med n\u00e5got positivt.<\/p>\n<p>Fodret \u00e4r spannm\u00e5lsfritt, baserat enbart p\u00e5 r\u00e5varor i huvudsak kyckling (fr\u00e5n Svensk Kronf\u00e5gel), lax, ris och majs<\/p>\n<p>Det finns olika varianter inneh\u00e5llande andelen fett och protein, \u00e4ven olika smaker som lax, \u00e4lg och ren, du hittar d\u00e4rf\u00f6r alltid n\u00e5got som passar just din hund. Beh\u00f6ver du senare byta variant blir det inget drastiskt foderbyte eftersom r\u00e5varorna i grunden \u00e4r detsamma. Det \u00e4r dessutom ett av de f\u00e5 foder som inneh\u00e5ller SPC och MacroGard. Vad det inneb\u00e4r kan du l\u00e4sa mer om p\u00e5 deras fina <a href=\"http:\/\/www.bozita.com\/sv\/Robur\/\">hemsida.<\/a><\/p>\n<p>Det finns \u00e4ven en funktion p\u00e5 deras sida d\u00e4r du kan g\u00f6ra en test f\u00f6r vilken fodervariant som passar just din hund. F\u00f6r uppf\u00f6dare finns fina erbjudanden.<\/p>\n<p>Sidan \u00e4r klart v\u00e4rd ett bes\u00f6k!<\/p>\n","protected":false},"excerpt":{"rendered":"<p>2008 fick vi en f\u00f6rfr\u00e5gan om ett eventuellt samarbete med hundfodertillverkaren f\u00f6r ROBUR. Vi provade fodret under en tid med ett mycket positivt resultat, p\u00e4lsarna blev b\u00e4ttre, det gick \u00e5t mindre foder men dom beh\u00f6ll \u00e4nd\u00e5 sin form vilket ledde till f\u00e4rre och mindre \u201dh\u00f6gar\u201d i tr\u00e4dg\u00e5rden. 2009 hade vi f\u00f6rm\u00e5nen att f\u00e5 bli en [&hellip;]<\/p>\n","protected":false},"author":1,"featured_media":0,"parent":0,"menu_order":5,"comment_status":"open","ping_status":"open","template":"","meta":{"ngg_post_thumbnail":0},"_links":{"self":[{"href":"https:\/\/hedangens.se\/index.php?rest_route=\/wp\/v2\/pages\/170"}],"collection":[{"href":"https:\/\/hedangens.se\/index.php?rest_route=\/wp\/v2\/pages"}],"about":[{"href":"https:\/\/hedangens.se\/index.php?rest_route=\/wp\/v2\/types\/page"}],"author":[{"embeddable":true,"href":"https:\/\/hedangens.se\/index.php?rest_route=\/wp\/v2\/users\/1"}],"replies":[{"embeddable":true,"href":"https:\/\/hedangens.se\/index.php?rest_route=%2Fwp%2Fv2%2Fcomments&post=170"}],"version-history":[{"count":15,"href":"https:\/\/hedangens.se\/index.php?rest_route=\/wp\/v2\/pages\/170\/revisions"}],"predecessor-version":[{"id":173,"href":"https:\/\/hedangens.se\/index.php?rest_route=\/wp\/v2\/pages\/170\/revisions\/173"}],"wp:attachment":[{"href":"https:\/\/hedangens.se\/index.php?rest_route=%2Fwp%2Fv2%2Fmedia&parent=170"}],"curies":[{"name":"wp","href":"https:\/\/api.w.org\/{rel}","templated":true}]}}